{"id":1082,"date":"2023-12-11T10:36:22","date_gmt":"2023-12-11T09:36:22","guid":{"rendered":"http:\/\/www.crs-roznov.cz\/wordpress\/?page_id=1082"},"modified":"2026-01-21T16:37:10","modified_gmt":"2026-01-21T15:37:10","slug":"nova-sezona-2024-2","status":"publish","type":"page","link":"https:\/\/www.crs-roznov.cz\/wordpress\/nova-sezona-2024-2\/","title":{"rendered":"CENY POVOLENEK, \u010cLENSK\u00ddCH ZN\u00c1MEK, BRIG\u00c1DNICK\u00c9 \u010cINNOSTI a TERM\u00cdNY V\u00ddDEJE POVOLENEK PRO ROK 2026"},"content":{"rendered":"\n<div data-wp-interactive=\"core\/file\" class=\"wp-block-file\"><object data-wp-bind--hidden=\"!state.hasPdfPreview\" hidden class=\"wp-block-file__embed\" data=\"https:\/\/www.crs-roznov.cz\/wordpress\/wp-content\/uploads\/2025\/12\/cenik-povolenek-2026.pdf\" type=\"application\/pdf\" style=\"width:100%;height:600px\" aria-label=\"Vlo\u017eit z cen\u00edk povolenek-2026.\"><\/object><a id=\"wp-block-file--media-bdfd081d-ddec-4916-a2dd-523fbdbd6e85\" href=\"https:\/\/www.crs-roznov.cz\/wordpress\/wp-content\/uploads\/2025\/12\/cenik-povolenek-2026.pdf\">cen\u00edk povolenek-2026<\/a><a href=\"https:\/\/www.crs-roznov.cz\/wordpress\/wp-content\/uploads\/2025\/12\/cenik-povolenek-2026.pdf\" class=\"wp-block-file__button wp-element-button\" download aria-describedby=\"wp-block-file--media-bdfd081d-ddec-4916-a2dd-523fbdbd6e85\">St\u00e1hnout<\/a><\/div>\n\n\n\n<p class=\"has-yellow-background-color has-background\">Informace-k-platb\u00e1m na rok 2026 &#8211; budou zde a\u017e 30.12.2025 pros\u00edme \u010dleny, aby platby provedli nejd\u0159\u00edve 02.01.2026<\/p>\n\n\n\n<div data-wp-interactive=\"core\/file\" class=\"wp-block-file\"><object data-wp-bind--hidden=\"!state.hasPdfPreview\" hidden class=\"wp-block-file__embed\" data=\"https:\/\/www.crs-roznov.cz\/wordpress\/wp-content\/uploads\/2026\/01\/Informace-k-platbam_2026.pdf\" type=\"application\/pdf\" style=\"width:100%;height:600px\" aria-label=\"Vlo\u017eit z Informace k platb\u00e1m_2026.\"><\/object><a id=\"wp-block-file--media-ec9761b4-2df5-4060-b884-0e491337d7f1\" href=\"https:\/\/www.crs-roznov.cz\/wordpress\/wp-content\/uploads\/2026\/01\/Informace-k-platbam_2026.pdf\">Informace k platb\u00e1m_2026<\/a><a href=\"https:\/\/www.crs-roznov.cz\/wordpress\/wp-content\/uploads\/2026\/01\/Informace-k-platbam_2026.pdf\" class=\"wp-block-file__button wp-element-button\" download aria-describedby=\"wp-block-file--media-ec9761b4-2df5-4060-b884-0e491337d7f1\">St\u00e1hnout<\/a><\/div>\n\n\n\n<details class=\"wp-block-details is-layout-flow wp-block-details-is-layout-flow\"><summary><\/summary>\n<p><\/p>\n<\/details>\n\n\n\n<p>Pro leto\u0161n\u00ed rok vypadla mo\u017enost platby povolenky MRS, d\u00e1le se neplat\u00ed ani mimo\u0159\u00e1dn\u00e1 zn\u00e1mka, kter\u00e1 byla v roce 2025.<\/p>\n\n\n\n<p>V\u00fd\u0161e \u00fahrady za \u010dlenskou zn\u00e1mku a brig\u00e1dnick\u00e9 povinnosti pro rok 2026 n\u00ed\u017ee:<\/p>\n\n\n\n<div data-wp-interactive=\"core\/file\" class=\"wp-block-file\"><object data-wp-bind--hidden=\"!state.hasPdfPreview\" hidden class=\"wp-block-file__embed\" data=\"https:\/\/www.crs-roznov.cz\/wordpress\/wp-content\/uploads\/2025\/12\/Clenska-povinnost-2026.pdf\" type=\"application\/pdf\" style=\"width:100%;height:600px\" aria-label=\"Vlo\u017eit z \u010clensk\u00e1 povinnost 2026.\"><\/object><a id=\"wp-block-file--media-2e561cec-87e9-42e6-85b8-5dc66dc66681\" href=\"https:\/\/www.crs-roznov.cz\/wordpress\/wp-content\/uploads\/2025\/12\/Clenska-povinnost-2026.pdf\">\u010clensk\u00e1 povinnost 2026<\/a><a href=\"https:\/\/www.crs-roznov.cz\/wordpress\/wp-content\/uploads\/2025\/12\/Clenska-povinnost-2026.pdf\" class=\"wp-block-file__button wp-element-button\" download aria-describedby=\"wp-block-file--media-2e561cec-87e9-42e6-85b8-5dc66dc66681\">St\u00e1hnout<\/a><\/div>\n\n\n\n<h2 class=\"wp-block-heading\">Term\u00edny v\u00fddeje povolenek pro rok 2026<\/h2>\n\n\n\n<div data-wp-interactive=\"core\/file\" class=\"wp-block-file\"><object data-wp-bind--hidden=\"!state.hasPdfPreview\" hidden class=\"wp-block-file__embed\" data=\"https:\/\/www.crs-roznov.cz\/wordpress\/wp-content\/uploads\/2025\/12\/Termin-vydeju-povolenek-2026-upraveno.pdf\" type=\"application\/pdf\" style=\"width:100%;height:600px\" aria-label=\"Vlo\u017eit z Term\u00edn v\u00fddej\u016f povolenek 2026 - upraveno.\"><\/object><a id=\"wp-block-file--media-0cc372f9-2b87-434e-8ce7-0a059775aaa1\" href=\"https:\/\/www.crs-roznov.cz\/wordpress\/wp-content\/uploads\/2025\/12\/Termin-vydeju-povolenek-2026-upraveno.pdf\">Term\u00edn v\u00fddej\u016f povolenek 2026 &#8211; upraveno<\/a><a href=\"https:\/\/www.crs-roznov.cz\/wordpress\/wp-content\/uploads\/2025\/12\/Termin-vydeju-povolenek-2026-upraveno.pdf\" class=\"wp-block-file__button wp-element-button\" download aria-describedby=\"wp-block-file--media-0cc372f9-2b87-434e-8ce7-0a059775aaa1\">St\u00e1hnout<\/a><\/div>\n\n\n\n<p><\/p>\n\n\n\n<h2 class=\"wp-block-heading\">Term\u00edny sch\u016fz\u00ed V\u00fdboru \u010cRS MO Ro\u017enov<\/h2>\n\n\n\n<p>sch\u016fze V\u00fdboru \u010cRS MO Ro\u017enov pod Radho\u0161t\u011bm, v\u017edy v pond\u011blky, od 17:00 hod, v Boud\u011b &#8211; L\u00e1ze\u0148sk\u00e1 2678:<\/p>\n\n\n\n<p>19.ledna<\/p>\n\n\n\n<p>02.\u00fanora<\/p>\n\n\n\n<p>02.b\u0159ezna<\/p>\n\n\n\n<p>V\u00fdro\u010dn\u00ed \u010dlensk\u00e1 sch\u016fze &#8211; sobota 21.03.2026, od 09:00, v budov\u011b Su\u0161\u00e1ku Vala\u0161sk\u00e9ho muzea, Ro\u017enov pod Radho\u0161t\u011bm<\/p>\n","protected":false},"excerpt":{"rendered":"<p>Informace-k-platb\u00e1m na rok 2026 &#8211; budou zde a\u017e 30.12.2025 pros\u00edme \u010dleny, aby platby provedli nejd\u0159\u00edve 02.01.2026 Pro leto\u0161n\u00ed rok vypadla mo\u017enost platby povolenky MRS, d\u00e1le se neplat\u00ed ani mimo\u0159\u00e1dn\u00e1 zn\u00e1mka, kter\u00e1 byla v roce 2025. V\u00fd\u0161e \u00fahrady za \u010dlenskou zn\u00e1mku a brig\u00e1dnick\u00e9 povinnosti pro rok 2026 n\u00ed\u017ee: Term\u00edny v\u00fddeje povolenek pro rok 2026 Term\u00edny sch\u016fz\u00ed [&hellip;]<\/p>\n","protected":false},"author":10,"featured_media":0,"parent":0,"menu_order":0,"comment_status":"closed","ping_status":"closed","template":"","meta":{"footnotes":""},"class_list":["post-1082","page","type-page","status-publish","hentry"],"_links":{"self":[{"href":"https:\/\/www.crs-roznov.cz\/wordpress\/wp-json\/wp\/v2\/pages\/1082","targetHints":{"allow":["GET"]}}],"collection":[{"href":"https:\/\/www.crs-roznov.cz\/wordpress\/wp-json\/wp\/v2\/pages"}],"about":[{"href":"https:\/\/www.crs-roznov.cz\/wordpress\/wp-json\/wp\/v2\/types\/page"}],"author":[{"embeddable":true,"href":"https:\/\/www.crs-roznov.cz\/wordpress\/wp-json\/wp\/v2\/users\/10"}],"replies":[{"embeddable":true,"href":"https:\/\/www.crs-roznov.cz\/wordpress\/wp-json\/wp\/v2\/comments?post=1082"}],"version-history":[{"count":9,"href":"https:\/\/www.crs-roznov.cz\/wordpress\/wp-json\/wp\/v2\/pages\/1082\/revisions"}],"predecessor-version":[{"id":1614,"href":"https:\/\/www.crs-roznov.cz\/wordpress\/wp-json\/wp\/v2\/pages\/1082\/revisions\/1614"}],"wp:attachment":[{"href":"https:\/\/www.crs-roznov.cz\/wordpress\/wp-json\/wp\/v2\/media?parent=1082"}],"curies":[{"name":"wp","href":"https:\/\/api.w.org\/{rel}","templated":true}]}}