{"id":107,"date":"2019-12-28T19:42:10","date_gmt":"2019-12-28T18:42:10","guid":{"rendered":"http:\/\/www.crs-roznov.cz\/wordpress\/?page_id=107"},"modified":"2026-04-13T21:12:28","modified_gmt":"2026-04-13T19:12:28","slug":"mistni-organizace","status":"publish","type":"page","link":"https:\/\/www.crs-roznov.cz\/wordpress\/mistni-organizace\/","title":{"rendered":"M\u00edstn\u00ed organizace"},"content":{"rendered":"\n<p><strong>Term\u00edny sch\u016fz\u00ed V\u00fdboru MO Ro\u017enov v roce 2026<\/strong><\/p>\n\n\n\n<h3 class=\"wp-block-heading\"><strong>V\u00fdbor m\u00edstn\u00ed organizace<\/strong><\/h3>\n\n\n\n<p><\/p>\n\n\n\n<p>V\u00fdbor je v\u00fdkonn\u00fdm org\u00e1nem m\u00edstn\u00ed organizace, kter\u00fd spravuje jej\u00ed z\u00e1le\u017eitosti mezi \u010dlensk\u00fdmi sch\u016fzemi. Zaji\u0161\u0165uje pln\u011bn\u00ed usnesen\u00ed \u010dlensk\u00e9 sch\u016fze, hospoda\u0159\u00ed s majetkem m\u00edstn\u00ed organizace a rozhoduje o v\u0161ech z\u00e1le\u017eitostech, kter\u00e9 nejsou v\u00fdlu\u010dn\u011b vyhrazeny \u010dlensk\u00e9 sch\u016fzi. O sv\u00e9 \u010dinnosti p\u0159edkl\u00e1d\u00e1 zpr\u00e1vy \u010dlensk\u00e9 sch\u016fzi. V\u00fdbor na\u0161\u00ed m\u00edstn\u00ed organizace m\u00e1 celkem 9 \u010dlen\u016f. <\/p>\n\n\n\n<p><strong>Jejich jmenn\u00fd seznam spolu s kontaktn\u00edmi daty je uveden v n\u00e1sleduj\u00edc\u00ed tabulce<\/strong><\/p>\n\n\n\n<details class=\"wp-block-details is-layout-flow wp-block-details-is-layout-flow\"><summary><\/summary>\n<figure class=\"wp-block-table is-style-stripes\"><table><tbody><tr><td class=\"has-text-align-center\" data-align=\"center\"> Funkce<\/td><td class=\"has-text-align-center\" data-align=\"center\">  Jm\u00e9no a p\u0159\u00edjmen\u00ed <\/td><td class=\"has-text-align-center\" data-align=\"center\"> Telef. spojen\u00ed<\/td><td class=\"has-text-align-center\" data-align=\"center\"> E-mail<\/td><\/tr><tr><td class=\"has-text-align-center\" data-align=\"center\"> P\u0159edseda<\/td><td class=\"has-text-align-center\" data-align=\"center\"> Pavel Koci\u00e1n, Ing.<\/td><td class=\"has-text-align-center\" data-align=\"center\"> 603 256 734<\/td><td class=\"has-text-align-center\" data-align=\"center\"><a href=\"mailto:wilkop@wilkop.eu\">wilkop@wilkop.eu<\/a><\/td><\/tr><tr><td class=\"has-text-align-center\" data-align=\"center\">M\u00edstop\u0159edseda, \u010dis.vod a \u017eiv.pr.<\/td><td class=\"has-text-align-center\" data-align=\"center\">V\u00e1clav Li\u0161ka<\/td><td class=\"has-text-align-center\" data-align=\"center\">725 585 345<\/td><td class=\"has-text-align-center\" data-align=\"center\">vaclav-liska@seznam.cz<\/td><\/tr><tr><td class=\"has-text-align-center\" data-align=\"center\">Jednatel <\/td><td class=\"has-text-align-center\" data-align=\"center\">Tom\u00e1\u0161 Jure\u010dka<\/td><td class=\"has-text-align-center\" data-align=\"center\">732 115 983<\/td><td class=\"has-text-align-center\" data-align=\"center\"><strong><br>tjurecka@<strong>mmreality.cz<\/strong><\/strong><br><\/td><\/tr><tr><td class=\"has-text-align-center\" data-align=\"center\"> Hospod\u00e1\u0159<\/td><td class=\"has-text-align-center\" data-align=\"center\"> Martin Hol\u010d\u00e1k, Ing.<\/td><td class=\"has-text-align-center\" data-align=\"center\"> 732 733 739<\/td><td class=\"has-text-align-center\" data-align=\"center\"> <a href=\"mailto:MartinHolcak@seznam.cz\">MartinHolcak@seznam.cz<\/a> <\/td><\/tr><tr><td class=\"has-text-align-center\" data-align=\"center\">\u010clen v\u00fdboru, hospod\u00e1\u0159sk\u00fd odbor<\/td><td class=\"has-text-align-center\" data-align=\"center\"> Roman Zuza\u0148\u00e1k<\/td><td class=\"has-text-align-center\" data-align=\"center\"> 737 603 911<\/td><td class=\"has-text-align-center\" data-align=\"center\"><a href=\"mailto:zuzanak4@seznam.cz\">Zuzanak4@seznam.cz<\/a><\/td><\/tr><tr><td class=\"has-text-align-center\" data-align=\"center\">\u010clen v\u00fdboru, hospod\u00e1\u0159sk\u00fd odbor<\/td><td class=\"has-text-align-center\" data-align=\"center\">Ren\u00e9 Zuza\u0148\u00e1k, Ing.<\/td><td class=\"has-text-align-center\" data-align=\"center\">&nbsp;733 600 764<\/td><td class=\"has-text-align-center\" data-align=\"center\"><a href=\"mailto:zdenekrara@seznam.cz\">Zuzanak8@seznam.cz<\/a><\/td><\/tr><tr><td class=\"has-text-align-center\" data-align=\"center\">\u010clen v\u00fdboru, hospod\u00e1\u0159sk\u00fd odbor<\/td><td class=\"has-text-align-center\" data-align=\"center\">Jan \u0160t\u016fsek<\/td><td class=\"has-text-align-center\" data-align=\"center\">604 722 940<\/td><td class=\"has-text-align-center\" data-align=\"center\">stusek.j@seznam.cz<\/td><\/tr><tr><td class=\"has-text-align-center\" data-align=\"center\">\u010clen v\u00fdboru, v\u00fddej povolenek<\/td><td class=\"has-text-align-center\" data-align=\"center\">Zden\u011bk Cvikl st.<\/td><td class=\"has-text-align-center\" data-align=\"center\">605 808 661<\/td><td class=\"has-text-align-center\" data-align=\"center\">zdenek.cvikl@nmvp.cz<\/td><\/tr><tr><td class=\"has-text-align-center\" data-align=\"center\"> Pokladn\u00edk<\/td><td class=\"has-text-align-center\" data-align=\"center\"> Tom\u00e1\u0161 Koci\u00e1n<\/td><td class=\"has-text-align-center\" data-align=\"center\"> 777 647 089<\/td><td class=\"has-text-align-center\" data-align=\"center\"> <a href=\"mailto:kocian.tomas@seznam.cz\">kocian.tomas@seznam.cz<\/a> <\/td><\/tr><\/tbody><\/table><\/figure>\n<\/details>\n\n\n\n<p class=\"has-text-align-center\"><\/p>\n\n\n\n<p class=\"has-text-align-center\"><strong>Kontaktn\u00ed adresa :<\/strong> <\/p>\n\n\n\n<p><\/p>\n\n\n\n<p class=\"has-text-align-center\"> <strong>\u010cesk\u00fd ryb\u00e1\u0159sk\u00fd svaz <br> M\u00edstn\u00ed organizace  <br>L\u00e1ze\u0148sk\u00e1 2678 <br> 756 61 Ro\u017enov pod Radho\u0161t\u011bm <br> <br> I\u010cO : 15502805<\/strong><\/p>\n\n\n\n<p><\/p>\n\n\n\n<h3 class=\"wp-block-heading\"><strong>Dozor\u010d\u00ed komise MO \u010cRS Ro\u017enov pod Radho\u0161t\u011bm <\/strong><\/h3>\n\n\n\n<p>Dozor\u010d\u00ed komise je kontroln\u00edm org\u00e1nem m\u00edstn\u00ed organizace; zpr\u00e1vy o sv\u00e9 \u010dinnosti p\u0159edkl\u00e1d\u00e1 \u010dlensk\u00e9 sch\u016fzi. O v\u00fdsledc\u00edch proveden\u00fdch kontrol informuje v\u00fdbor m\u00edstn\u00ed organizace, v od\u016fvodn\u011bn\u00fdch p\u0159\u00edpadech m\u016f\u017ee navrhnout v\u00fdboru m\u00edstn\u00ed organizace svol\u00e1n\u00ed mimo\u0159\u00e1dn\u00e9 \u010dlensk\u00e9 sch\u016fze. <br>Dozor\u010d\u00ed komise m\u00e1 v na\u0161\u00ed organizaci celkem 3 \u010dleny.<\/p>\n\n\n\n<p><\/p>\n\n\n\n<figure class=\"wp-block-table is-style-stripes\"><table><tbody><tr><td class=\"has-text-align-center\" data-align=\"center\">Funkce<\/td><td class=\"has-text-align-center\" data-align=\"center\">Jm\u00e9no a p\u0159\u00edjmen\u00ed<\/td><td class=\"has-text-align-center\" data-align=\"center\">Telef. spojen\u00ed<\/td><td class=\"has-text-align-center\" data-align=\"center\">E-mail<\/td><\/tr><tr><td class=\"has-text-align-center\" data-align=\"center\"> P\u0159edseda komise<\/td><td class=\"has-text-align-center\" data-align=\"center\">Zden\u011bk Cvikl ml.<\/td><td class=\"has-text-align-center\" data-align=\"center\">737 920 647<\/td><td class=\"has-text-align-center\" data-align=\"center\">cvikljunior@<strong>gmail.com<\/strong><\/td><\/tr><tr><td class=\"has-text-align-center\" data-align=\"center\">\u010clen komise<\/td><td class=\"has-text-align-center\" data-align=\"center\">Miroslav Rom\u00e1nek<\/td><td class=\"has-text-align-center\" data-align=\"center\">603 209 787<\/td><td class=\"has-text-align-center\" data-align=\"center\">miroslav.<a href=\"mailto:romanek@vmp.cz\">romanek@nvmp.cz<\/a><\/td><\/tr><tr><td class=\"has-text-align-center\" data-align=\"center\"> \u010clen komise<\/td><td class=\"has-text-align-center\" data-align=\"center\">Lum\u00edr Mazan Mgr. et. Bc.<\/td><td class=\"has-text-align-center\" data-align=\"center\">777 566 677<\/td><td class=\"has-text-align-center\" data-align=\"center\">lumikja@<strong>seznam.cz<\/strong><\/td><\/tr><\/tbody><\/table><\/figure>\n\n\n\n<p><\/p>\n\n\n\n<p><\/p>\n\n\n\n<h3 class=\"wp-block-heading\"><strong>Ryb\u00e1\u0159sk\u00e1 str\u00e1\u017e<\/strong>&#8211;<strong>kontakty<\/strong><\/h3>\n\n\n\n<figure class=\"wp-block-table\"><table class=\"has-fixed-layout\"><tbody><tr><td>Vedouc\u00ed ryb\u00e1\u0159sk\u00e9 str\u00e1\u017ee: <br>Mazan Lum\u00edr, Mgr. et Bc. <\/td><td>777 566 677<\/td><\/tr><tr><td>Dobi\u00e1\u0161 Patrik<\/td><td>604 674 059<\/td><\/tr><tr><td>Ko\u0161\u00fat Miroslav<\/td><td>720 469 275<\/td><\/tr><tr><td>K\u0159enek Pavel<\/td><td>737 466 598<\/td><\/tr><tr><td>Mi\u010dka Jan <\/td><td> 724 801 734<\/td><\/tr><tr><td>Michal\u00edk Tom\u00e1\u0161 <\/td><td>608 900 150<\/td><\/tr><tr><td>Poruba Stanislav <\/td><td> 737 557 319<\/td><\/tr><tr><td>\u0160t\u016fsek Jan <\/td><td>604 722 940<\/td><\/tr><tr><td>Zuza\u0148\u00e1k Roman <\/td><td>737 603 911<\/td><\/tr><tr><td>Zuza\u0148\u00e1k Ren\u00e9, Ing.<\/td><td>733 600 764<\/td><\/tr><\/tbody><\/table><\/figure>\n","protected":false},"excerpt":{"rendered":"<p>Term\u00edny sch\u016fz\u00ed V\u00fdboru MO Ro\u017enov v roce 2026 V\u00fdbor m\u00edstn\u00ed organizace V\u00fdbor je v\u00fdkonn\u00fdm org\u00e1nem m\u00edstn\u00ed organizace, kter\u00fd spravuje jej\u00ed z\u00e1le\u017eitosti mezi \u010dlensk\u00fdmi sch\u016fzemi. Zaji\u0161\u0165uje pln\u011bn\u00ed usnesen\u00ed \u010dlensk\u00e9 sch\u016fze, hospoda\u0159\u00ed s majetkem m\u00edstn\u00ed organizace a rozhoduje o v\u0161ech z\u00e1le\u017eitostech, kter\u00e9 nejsou v\u00fdlu\u010dn\u011b vyhrazeny \u010dlensk\u00e9 sch\u016fzi. O sv\u00e9 \u010dinnosti p\u0159edkl\u00e1d\u00e1 zpr\u00e1vy \u010dlensk\u00e9 sch\u016fzi. V\u00fdbor na\u0161\u00ed m\u00edstn\u00ed [&hellip;]<\/p>\n","protected":false},"author":1,"featured_media":0,"parent":0,"menu_order":0,"comment_status":"closed","ping_status":"closed","template":"","meta":{"footnotes":""},"class_list":["post-107","page","type-page","status-publish","hentry"],"_links":{"self":[{"href":"https:\/\/www.crs-roznov.cz\/wordpress\/wp-json\/wp\/v2\/pages\/107","targetHints":{"allow":["GET"]}}],"collection":[{"href":"https:\/\/www.crs-roznov.cz\/wordpress\/wp-json\/wp\/v2\/pages"}],"about":[{"href":"https:\/\/www.crs-roznov.cz\/wordpress\/wp-json\/wp\/v2\/types\/page"}],"author":[{"embeddable":true,"href":"https:\/\/www.crs-roznov.cz\/wordpress\/wp-json\/wp\/v2\/users\/1"}],"replies":[{"embeddable":true,"href":"https:\/\/www.crs-roznov.cz\/wordpress\/wp-json\/wp\/v2\/comments?post=107"}],"version-history":[{"count":28,"href":"https:\/\/www.crs-roznov.cz\/wordpress\/wp-json\/wp\/v2\/pages\/107\/revisions"}],"predecessor-version":[{"id":1672,"href":"https:\/\/www.crs-roznov.cz\/wordpress\/wp-json\/wp\/v2\/pages\/107\/revisions\/1672"}],"wp:attachment":[{"href":"https:\/\/www.crs-roznov.cz\/wordpress\/wp-json\/wp\/v2\/media?parent=107"}],"curies":[{"name":"wp","href":"https:\/\/api.w.org\/{rel}","templated":true}]}}